{"id":882,"date":"2020-06-26T08:53:43","date_gmt":"2020-06-26T08:53:43","guid":{"rendered":"https:\/\/slfasesores.com\/politica-de-cookies\/"},"modified":"2020-06-26T08:53:43","modified_gmt":"2020-06-26T08:53:43","slug":"politica-de-cookies","status":"publish","type":"page","link":"https:\/\/slfasesores.com\/en\/politica-de-cookies\/","title":{"rendered":"Pol\u00edtica de Cookies"},"content":{"rendered":"<p>Pol\u00edtica de cookies<\/p>\n<p>\u00bfQu\u00e9 es una cookie?<\/p>\n<p>Una cookie es un fichero que se descarga en un dispositivo (ordenador o tel\u00e9fono m\u00f3vil) al acceder a determinadas p\u00e1ginas web. Las cookies permiten a una p\u00e1gina web, entre otras cosas, almacenar y recuperar informaci\u00f3n sobre los h\u00e1bitos de navegaci\u00f3n de un usuario o de un equipo y, dependiendo de la informaci\u00f3n que contengan y de la forma en que utilice su equipo, pueden utilizarse para reconocer al usuario.<\/p>\n<p>Cookies que utiliza esta p\u00e1gina web<\/p>\n<ul>\n<li>Cookies de seguridad: permite autenticar a los usuarios para proteger los datos frente a terceros no autorizados.<\/li>\n<li>Cookies anal\u00edticas: son aquellas que permiten al responsable de las mismas el seguimiento y el an\u00e1lisis del comportamiento de los usuarios de la p\u00e1gina web.<\/li>\n<li>Cookies de sesi\u00f3n: son un tipo de cookies dise\u00f1adas para recabar y almacenar datos mientras el usuario accede a la p\u00e1gina web.<\/li>\n<li>Cookies persistentes: son un tipo de cookies en el que los datos siguen almacenados en el terminal y pueden ser accedidos y tratados por un periodo definido por el responsable de la cookie.<\/li>\n<\/ul>\n<p>Bloquear y borrar cookies<\/p>\n<p>Usted puede permitir, bloquear o eliminar las cookies instaladas en su equipo mediante la configuraci\u00f3n de las opciones del navegador instalado en su ordenador.<br \/>\n\u00d8 Para m\u00e1s informaci\u00f3n sobre como bloquear y borrar el uso de las cookies con el navegador Firefox pulse\u00a0<a href=\"https:\/\/support.mozilla.org\/es\/kb\/impedir-que-los-sitios-web-guarden-sus-preferencia\">aqu\u00ed\u00a0<\/a>.<br \/>\n\u00d8 Para m\u00e1s informaci\u00f3n sobre como bloquear y borrar el uso de las cookies en el navegador de Google Chrome pulse\u00a0<a href=\"https:\/\/support.google.com\/chrome\/answer\/95647?hl=es\">aqu\u00ed\u00a0<\/a>.<br \/>\n\u00d8 Para m\u00e1s informaci\u00f3n sobre como bloquear y borrar el uso de las cookies con el navegador Internet Explorer pulse\u00a0<a href=\"http:\/\/windows.microsoft.com\/es-es\/windows7\/how-to-manage-cookies-in-internet-explorer-9\">aqu\u00ed\u00a0<\/a>.<\/p>\n<p>Detalle de las cookies<\/p>\n<table border=\"1\" width=\"1160\" cellspacing=\"0\" cellpadding=\"0\">\n<tbody>\n<tr>\n<td width=\"88\">NOMBRE<\/td>\n<td width=\"179\">TIPO\/FINALIDAD<\/td>\n<td width=\"97\">CADUCIDAD<\/td>\n<td width=\"90\">TITULAR<\/td>\n<td width=\"127\">M\u00c1S INFORMACION<\/td>\n<\/tr>\n<tr>\n<td width=\"88\">SID<\/td>\n<td width=\"179\">Cookie de seguridad<\/td>\n<td width=\"97\">Al finalizar la sesi\u00f3n de navegaci\u00f3n<\/td>\n<td width=\"90\">Google<\/td>\n<td width=\"127\"><a href=\"http:\/\/www.google.com\/intl\/es\/policies\/privacy\/\">Pol\u00edtica de \u00a0 privacidad de Google<\/a><\/td>\n<\/tr>\n<tr>\n<td width=\"88\">__utma<\/td>\n<td width=\"179\">Cookie anal\u00edtica: recoge informaci\u00f3n acerca de las visitas del \u00a0 usuario a la p\u00e1gina web.<\/td>\n<td width=\"97\">En dos a\u00f1os<\/td>\n<td width=\"90\">Google analytics<\/td>\n<td width=\"127\"><a href=\"http:\/\/www.google.com\/intl\/es\/policies\/privacy\/\">Pol\u00edtica de \u00a0 privacidad de Google<\/a><\/td>\n<\/tr>\n<tr>\n<td width=\"88\">__utmb<\/td>\n<td width=\"179\">Cookie anal\u00edtica: recoge informaci\u00f3n del momento en el que el usuario \u00a0 entra en la p\u00e1gina web.<\/td>\n<td width=\"97\">En 30 minutos<\/td>\n<td width=\"90\">Google analytics<\/td>\n<td width=\"127\"><a href=\"http:\/\/www.google.com\/intl\/es\/policies\/privacy\/\">Pol\u00edtica de \u00a0 privacidad de Google<\/a><\/td>\n<\/tr>\n<tr>\n<td width=\"88\">__utmc<\/td>\n<td width=\"179\">Cookie anal\u00edtica: recoge informaci\u00f3n del momento en el que el usuario \u00a0 sale de la p\u00e1gina web<\/td>\n<td width=\"97\">Al finalizar la sesi\u00f3n del navegador<\/td>\n<td width=\"90\">Google analytics<\/td>\n<td width=\"127\"><a href=\"http:\/\/www.google.com\/intl\/es\/policies\/privacy\/\">Pol\u00edtica de \u00a0 privacidad de Google<\/a><\/td>\n<\/tr>\n<tr>\n<td width=\"88\">__utmz<\/td>\n<td width=\"179\">Cookie anal\u00edtica: recoge acerca de c\u00f3mo ha encontrado el usuario la \u00a0 p\u00e1gina web.<\/td>\n<td width=\"97\">En 6 meses<\/td>\n<td width=\"90\">Google analytics<\/td>\n<td width=\"127\"><a href=\"http:\/\/www.google.com\/intl\/es\/policies\/privacy\/\">Pol\u00edtica de \u00a0 privacidad de Google<\/a><\/td>\n<\/tr>\n<\/tbody>\n<\/table>\n","protected":false},"excerpt":{"rendered":"<p>Pol\u00edtica de cookies \u00bfQu\u00e9 es una cookie? Una cookie es un fichero que se descarga en un dispositivo (ordenador o tel\u00e9fono m\u00f3vil) al acceder a determinadas p\u00e1ginas web. Las cookies&#8230;<\/p>\n","protected":false},"author":1,"featured_media":0,"parent":0,"menu_order":0,"comment_status":"closed","ping_status":"closed","template":"","meta":{"footnotes":""},"class_list":["post-882","page","type-page","status-publish"],"yoast_head":"<!-- This site is optimized with the Yoast SEO plugin v26.8 - https:\/\/yoast.com\/product\/yoast-seo-wordpress\/ -->\n<title>Pol\u00edtica de Cookies - SLF Asesores<\/title>\n<meta name=\"robots\" content=\"index, follow, max-snippet:-1, max-image-preview:large, max-video-preview:-1\" \/>\n<link rel=\"canonical\" href=\"https:\/\/slfasesores.com\/en\/politica-de-cookies\/\" \/>\n<meta property=\"og:locale\" content=\"en_US\" \/>\n<meta property=\"og:type\" content=\"article\" \/>\n<meta property=\"og:title\" content=\"Pol\u00edtica de Cookies - SLF Asesores\" \/>\n<meta property=\"og:description\" content=\"Pol\u00edtica de cookies \u00bfQu\u00e9 es una cookie? Una cookie es un fichero que se descarga en un dispositivo (ordenador o tel\u00e9fono m\u00f3vil) al acceder a determinadas p\u00e1ginas web. Las cookies...\" \/>\n<meta property=\"og:url\" content=\"https:\/\/slfasesores.com\/en\/politica-de-cookies\/\" \/>\n<meta property=\"og:site_name\" content=\"SLF Asesores\" \/>\n<meta name=\"twitter:card\" content=\"summary_large_image\" \/>\n<meta name=\"twitter:label1\" content=\"Est. reading time\" \/>\n\t<meta name=\"twitter:data1\" content=\"2 minutes\" \/>\n<script type=\"application\/ld+json\" class=\"yoast-schema-graph\">{\"@context\":\"https:\/\/schema.org\",\"@graph\":[{\"@type\":\"WebPage\",\"@id\":\"https:\/\/slfasesores.com\/en\/politica-de-cookies\/\",\"url\":\"https:\/\/slfasesores.com\/en\/politica-de-cookies\/\",\"name\":\"Pol\u00edtica de Cookies - SLF Asesores\",\"isPartOf\":{\"@id\":\"https:\/\/slfasesores.com\/#website\"},\"datePublished\":\"2020-06-26T08:53:43+00:00\",\"breadcrumb\":{\"@id\":\"https:\/\/slfasesores.com\/en\/politica-de-cookies\/#breadcrumb\"},\"inLanguage\":\"en-US\",\"potentialAction\":[{\"@type\":\"ReadAction\",\"target\":[\"https:\/\/slfasesores.com\/en\/politica-de-cookies\/\"]}]},{\"@type\":\"BreadcrumbList\",\"@id\":\"https:\/\/slfasesores.com\/en\/politica-de-cookies\/#breadcrumb\",\"itemListElement\":[{\"@type\":\"ListItem\",\"position\":1,\"name\":\"Portada\",\"item\":\"https:\/\/slfasesores.com\/en\/\"},{\"@type\":\"ListItem\",\"position\":2,\"name\":\"Pol\u00edtica de Cookies\"}]},{\"@type\":\"WebSite\",\"@id\":\"https:\/\/slfasesores.com\/#website\",\"url\":\"https:\/\/slfasesores.com\/\",\"name\":\"SLF Asesores\",\"description\":\"Asesor\u00eda en Mallorca\",\"potentialAction\":[{\"@type\":\"SearchAction\",\"target\":{\"@type\":\"EntryPoint\",\"urlTemplate\":\"https:\/\/slfasesores.com\/?s={search_term_string}\"},\"query-input\":{\"@type\":\"PropertyValueSpecification\",\"valueRequired\":true,\"valueName\":\"search_term_string\"}}],\"inLanguage\":\"en-US\"}]}<\/script>\n<!-- \/ Yoast SEO plugin. -->","yoast_head_json":{"title":"Pol\u00edtica de Cookies - SLF Asesores","robots":{"index":"index","follow":"follow","max-snippet":"max-snippet:-1","max-image-preview":"max-image-preview:large","max-video-preview":"max-video-preview:-1"},"canonical":"https:\/\/slfasesores.com\/en\/politica-de-cookies\/","og_locale":"en_US","og_type":"article","og_title":"Pol\u00edtica de Cookies - SLF Asesores","og_description":"Pol\u00edtica de cookies \u00bfQu\u00e9 es una cookie? Una cookie es un fichero que se descarga en un dispositivo (ordenador o tel\u00e9fono m\u00f3vil) al acceder a determinadas p\u00e1ginas web. Las cookies...","og_url":"https:\/\/slfasesores.com\/en\/politica-de-cookies\/","og_site_name":"SLF Asesores","twitter_card":"summary_large_image","twitter_misc":{"Est. reading time":"2 minutes"},"schema":{"@context":"https:\/\/schema.org","@graph":[{"@type":"WebPage","@id":"https:\/\/slfasesores.com\/en\/politica-de-cookies\/","url":"https:\/\/slfasesores.com\/en\/politica-de-cookies\/","name":"Pol\u00edtica de Cookies - SLF Asesores","isPartOf":{"@id":"https:\/\/slfasesores.com\/#website"},"datePublished":"2020-06-26T08:53:43+00:00","breadcrumb":{"@id":"https:\/\/slfasesores.com\/en\/politica-de-cookies\/#breadcrumb"},"inLanguage":"en-US","potentialAction":[{"@type":"ReadAction","target":["https:\/\/slfasesores.com\/en\/politica-de-cookies\/"]}]},{"@type":"BreadcrumbList","@id":"https:\/\/slfasesores.com\/en\/politica-de-cookies\/#breadcrumb","itemListElement":[{"@type":"ListItem","position":1,"name":"Portada","item":"https:\/\/slfasesores.com\/en\/"},{"@type":"ListItem","position":2,"name":"Pol\u00edtica de Cookies"}]},{"@type":"WebSite","@id":"https:\/\/slfasesores.com\/#website","url":"https:\/\/slfasesores.com\/","name":"SLF Asesores","description":"Asesor\u00eda en Mallorca","potentialAction":[{"@type":"SearchAction","target":{"@type":"EntryPoint","urlTemplate":"https:\/\/slfasesores.com\/?s={search_term_string}"},"query-input":{"@type":"PropertyValueSpecification","valueRequired":true,"valueName":"search_term_string"}}],"inLanguage":"en-US"}]}},"_links":{"self":[{"href":"https:\/\/slfasesores.com\/en\/wp-json\/wp\/v2\/pages\/882","targetHints":{"allow":["GET"]}}],"collection":[{"href":"https:\/\/slfasesores.com\/en\/wp-json\/wp\/v2\/pages"}],"about":[{"href":"https:\/\/slfasesores.com\/en\/wp-json\/wp\/v2\/types\/page"}],"author":[{"embeddable":true,"href":"https:\/\/slfasesores.com\/en\/wp-json\/wp\/v2\/users\/1"}],"replies":[{"embeddable":true,"href":"https:\/\/slfasesores.com\/en\/wp-json\/wp\/v2\/comments?post=882"}],"version-history":[{"count":0,"href":"https:\/\/slfasesores.com\/en\/wp-json\/wp\/v2\/pages\/882\/revisions"}],"wp:attachment":[{"href":"https:\/\/slfasesores.com\/en\/wp-json\/wp\/v2\/media?parent=882"}],"curies":[{"name":"wp","href":"https:\/\/api.w.org\/{rel}","templated":true}]}}