{"id":881,"date":"2020-06-26T08:51:50","date_gmt":"2020-06-26T08:51:50","guid":{"rendered":"https:\/\/slfasesores.com\/aviso-legal\/"},"modified":"2020-06-26T08:51:50","modified_gmt":"2020-06-26T08:51:50","slug":"aviso-legal","status":"publish","type":"page","link":"https:\/\/slfasesores.com\/en\/aviso-legal\/","title":{"rendered":"Aviso Legal"},"content":{"rendered":"<p>SLF ASESORES, con domicilio en Plaza Sant Antoni 13, bajos, izq. 07002 Palma de Mallorca, pone a disposici\u00f3n en su sitio web <a href=\"http:\/\/slfasesores.com\">https:\/\/slfasesores.com\/<\/a>\u00a0determinados contenidos de car\u00e1cter informativo sobre sus actividades.<\/p>\n<p>&nbsp;<\/p>\n<p>Las presentes condiciones generales rigen \u00fanica y exclusivamente el uso del sitio web de SLF ASESORES por parte de los USUARIOS que accedan al mismo. Las presentes condiciones generales se le exponen al USUARIO en el sito web www.slfasesores.com en todas y cada una de las paginas y cada vez que un USUARIO introduce sus datos en los formularios existentes, para que las lea, las imprima, las archive y acepte a trav\u00e9s de internet, no pudiendo el USUARIO introducir sus datos efectivamente sin que se haya producido esta aceptaci\u00f3n.<\/p>\n<p>&nbsp;<\/p>\n<p>El acceso al sitio web de SLF ASESORES implica sin reservas la aceptaci\u00f3n de las presentes condiciones generales de uso que el USUARIO afirma comprender en su totalidad. El USUARIO se compromete a no utilizar el sitio web y los servicios que se ofrecen en el mismo para la realizaci\u00f3n de actividades contrarias a la ley y a respetar en todo momento las presentes condiciones generales.<\/p>\n<p>&nbsp;<\/p>\n<p>PRIMERA.-<\/p>\n<p>1.- El sitio web de SLF ASESORES ha sido realizado, por un lado, con el fin de poner a disposici\u00f3n de terceros informaci\u00f3n sobre sus actividades y, por el otro, poner a disposici\u00f3n de los usuarios la posibilidad de contactar con SLF ASESORES para solicitar informaci\u00f3n adicional.<\/p>\n<p>&nbsp;<\/p>\n<p>SEGUNDA.- CONDICIONES DE ACCESO Y USO<\/p>\n<p>2.1.- La utilizaci\u00f3n del sitio web de SLF ASESORES no conlleva la obligatoriedad de la inscripci\u00f3n del USUARIO, salvo si este USUARIO desee utilizar la base de datos existentes en www.slfasesores.com donde ser\u00e1 preciso que se registre cubriendo un formulario b\u00e1sico, esta suscripci\u00f3n se regir\u00e1 por las condiciones generales espec\u00edficas. Las condiciones de acceso y uso del presente sitio web se rigen estrictamente por la legalidad vigente y por el principio de buena fe, comprometi\u00e9ndose el USUARIO a realizar un buen uso de la web. Quedan prohibidos todos los actos que vulneren la legalidad, derechos o intereses de terceros: derecho a la intimidad, protecci\u00f3n de datos, propiedad intelectual, etc.<\/p>\n<p>&nbsp;<\/p>\n<p>&nbsp;<\/p>\n<p>&nbsp;<\/p>\n<p>Expresamente SLF ASESORES proh\u00edbe los siguientes:<\/p>\n<p>2.1.1.- Realizar acciones que puedan producir en el sito web o a trav\u00e9s del mismo por cualquier medio cualquier tipo de da\u00f1o a los sistemas de SLF ASESORES o a terceros.<\/p>\n<p>2.1.2.- Realizar, sin la debida autorizaci\u00f3n, cualquier tipo de publicidad o informaci\u00f3n comercial directamente o de forma encubierta, el env\u00edo de correos masivos (\u201cspamming\u201d) o env\u00edo de grandes mensajes con el fin de bloquear servidores de la red (\u201cMail bombing\u201d).<\/p>\n<p>2.1.3.- SLF ASESORES podr\u00e1 interrumpir en cualquier momento el acceso a su sitio web si detecta un uso contrario a la legalidad, la buena fe o a las presentes condiciones generales \u2013ver cl\u00e1usula quinta.<\/p>\n<p>&nbsp;<\/p>\n<p>TERCERA.- CONTENIDOS<\/p>\n<p>&nbsp;<\/p>\n<p>Los contenidos incorporados en este sitio web han sido elaborados e incluidos por:<\/p>\n<p>3.1.- SLF ASESORES utilizando fuentes internas y externas de tal modo que SLF ASESORES se hace responsable por los contenidos elaborados de forma interna.<\/p>\n<p>3.2.- SLF ASESORES se reserva el derecho a modificar en cualquier momento los contenidos existentes en su sitio web.<\/p>\n<p>&nbsp;<\/p>\n<p>CUARTA.- RESPONSABILIDAD<\/p>\n<p>&nbsp;<\/p>\n<p>4.1.- SLF ASESORES en ning\u00fan caso ser\u00e1 responsable de:<\/p>\n<p>4.1.1.- Los fallos e incidencias que pudieran producirse en las comunicaciones, borrado o transmisiones incompletas de manera que no se garantiza que los servicios del sitio web est\u00e9n constantemente operativos.<\/p>\n<p>4.1.2.- De la producci\u00f3n de cualquier tipo de da\u00f1o que los USUARIOS o terceros pudiesen ocasionar en el sitio web.<\/p>\n<p>4.1.3.- De las condiciones o caracter\u00edsticas de los art\u00edculos que se ofertan en el sitio web. SLF ASESORES simplemente pone en contacto a empresas, profesionales y particulares que ofertan y demandan estos art\u00edculos pero no se responsabiliza de las negociaciones o acuerdos posteriores que realicen estas empresas, profesionales y particulares quedando \u00fanica y exclusivamente la buena marcha de la contrataci\u00f3n en manos de estos usuarios.<\/p>\n<p>4.2.- SLF ASESORES se reserva el derecho a suspender el acceso sin previo aviso de forma discrecional y con car\u00e1cter definitivo o temporal hasta el aseguramiento de la efectiva responsabilidad de los da\u00f1os que pudieran producirse. Asimismo, SLF ASESORES colaborar\u00e1 y notificar\u00e1 a la Autoridad competente estas incidencias en el momento en que tenga conocimiento fehaciente de que los da\u00f1os ocasionados constituyan cualquier tipo de actividad il\u00edcita.<\/p>\n<p>4.3.- SLF ASESORES s\u00f3lo asume responsabilidades que puedan derivarse de la prestaci\u00f3n de los servicios que ofrece en los l\u00edmites y tal y como se especifica en las distintas propuestas de servicios profesionales aceptados por los clientes.<\/p>\n<p>&nbsp;<\/p>\n<p>&nbsp;<\/p>\n<p>&nbsp;<\/p>\n<p>QUINTA.- DERECHOS DE AUTOR Y MARCA<\/p>\n<p>&nbsp;<\/p>\n<p>Queda prohibida la utilizaci\u00f3n ajena por cualquier medio del nombre SLF ASESORES, que incluye tanto el nombre como el logotipo, salvo consentimiento de SLF ASESORES. Quedan reservados los derechos. Adem\u00e1s, el sitio web <a href=\"http:\/\/slfasesores.com\">www.slfasesores.com<\/a> -los contenidos propios, la programaci\u00f3n y el dise\u00f1o del sitio web- se encuentra plenamente protegido por los derechos de autor, quedando expresamente prohibida toda reproducci\u00f3n, comunicaci\u00f3n, distribuci\u00f3n y transformaci\u00f3n de los referidos elementos protegidos salvo consentimiento expreso de SLF ASESORES.<\/p>\n<p>&nbsp;<\/p>\n<p>SEXTA.- JURISDICCION Y LEY APLICABLE.<\/p>\n<p>&nbsp;<\/p>\n<p>Las presentes condiciones generales se rigen por la legislaci\u00f3n espa\u00f1ola. Son competentes para resolver toda controversia o conflicto que se derive de as presentes condiciones generales los Juzgados de Palma de Mallorca, renunciando expresamente el USUARIO a cualquier otro fuero que pudiera corresponderle.<\/p>\n<p>&nbsp;<\/p>\n<p>SEPTIMA.-<\/p>\n<p>&nbsp;<\/p>\n<p>En caso de que cualquier cl\u00e1usula del presente documento sea declarada nula, las dem\u00e1s cl\u00e1usulas seguir\u00e1n vigentes y se interpretar\u00e1n teniendo en cuenta la voluntad de las partes y la finalidad de la misma de las presentes condiciones. SLF ASESORES podr\u00e1 no ejercitar alguno de los derechos y facultades conferidos en este documento lo que no implicar\u00e1 en ning\u00fan caso la renuncia a los mismos salvo reconocimiento expreso por parte de SLF ASESORES.<\/p>\n","protected":false},"excerpt":{"rendered":"<p>SLF ASESORES, con domicilio en Plaza Sant Antoni 13, bajos, izq. 07002 Palma de Mallorca, pone a disposici\u00f3n en su sitio web https:\/\/slfasesores.com\/\u00a0determinados contenidos de car\u00e1cter informativo sobre sus actividades&#8230;.<\/p>\n","protected":false},"author":1,"featured_media":0,"parent":0,"menu_order":0,"comment_status":"closed","ping_status":"closed","template":"","meta":{"footnotes":""},"class_list":["post-881","page","type-page","status-publish"],"yoast_head":"<!-- This site is optimized with the Yoast SEO plugin v26.8 - https:\/\/yoast.com\/product\/yoast-seo-wordpress\/ -->\n<title>Aviso Legal - SLF Asesores<\/title>\n<meta name=\"robots\" content=\"index, follow, max-snippet:-1, max-image-preview:large, max-video-preview:-1\" \/>\n<link rel=\"canonical\" href=\"https:\/\/slfasesores.com\/en\/aviso-legal\/\" \/>\n<meta property=\"og:locale\" content=\"en_US\" \/>\n<meta property=\"og:type\" content=\"article\" \/>\n<meta property=\"og:title\" content=\"Aviso Legal - SLF Asesores\" \/>\n<meta property=\"og:description\" content=\"SLF ASESORES, con domicilio en Plaza Sant Antoni 13, bajos, izq. 07002 Palma de Mallorca, pone a disposici\u00f3n en su sitio web https:\/\/slfasesores.com\/\u00a0determinados contenidos de car\u00e1cter informativo sobre sus actividades....\" \/>\n<meta property=\"og:url\" content=\"https:\/\/slfasesores.com\/en\/aviso-legal\/\" \/>\n<meta property=\"og:site_name\" content=\"SLF Asesores\" \/>\n<meta name=\"twitter:card\" content=\"summary_large_image\" \/>\n<meta name=\"twitter:label1\" content=\"Est. reading time\" \/>\n\t<meta name=\"twitter:data1\" content=\"5 minutes\" \/>\n<script type=\"application\/ld+json\" class=\"yoast-schema-graph\">{\"@context\":\"https:\/\/schema.org\",\"@graph\":[{\"@type\":\"WebPage\",\"@id\":\"https:\/\/slfasesores.com\/en\/aviso-legal\/\",\"url\":\"https:\/\/slfasesores.com\/en\/aviso-legal\/\",\"name\":\"Aviso Legal - SLF Asesores\",\"isPartOf\":{\"@id\":\"https:\/\/slfasesores.com\/#website\"},\"datePublished\":\"2020-06-26T08:51:50+00:00\",\"breadcrumb\":{\"@id\":\"https:\/\/slfasesores.com\/en\/aviso-legal\/#breadcrumb\"},\"inLanguage\":\"en-US\",\"potentialAction\":[{\"@type\":\"ReadAction\",\"target\":[\"https:\/\/slfasesores.com\/en\/aviso-legal\/\"]}]},{\"@type\":\"BreadcrumbList\",\"@id\":\"https:\/\/slfasesores.com\/en\/aviso-legal\/#breadcrumb\",\"itemListElement\":[{\"@type\":\"ListItem\",\"position\":1,\"name\":\"Portada\",\"item\":\"https:\/\/slfasesores.com\/en\/\"},{\"@type\":\"ListItem\",\"position\":2,\"name\":\"Aviso Legal\"}]},{\"@type\":\"WebSite\",\"@id\":\"https:\/\/slfasesores.com\/#website\",\"url\":\"https:\/\/slfasesores.com\/\",\"name\":\"SLF Asesores\",\"description\":\"Asesor\u00eda en Mallorca\",\"potentialAction\":[{\"@type\":\"SearchAction\",\"target\":{\"@type\":\"EntryPoint\",\"urlTemplate\":\"https:\/\/slfasesores.com\/?s={search_term_string}\"},\"query-input\":{\"@type\":\"PropertyValueSpecification\",\"valueRequired\":true,\"valueName\":\"search_term_string\"}}],\"inLanguage\":\"en-US\"}]}<\/script>\n<!-- \/ Yoast SEO plugin. -->","yoast_head_json":{"title":"Aviso Legal - SLF Asesores","robots":{"index":"index","follow":"follow","max-snippet":"max-snippet:-1","max-image-preview":"max-image-preview:large","max-video-preview":"max-video-preview:-1"},"canonical":"https:\/\/slfasesores.com\/en\/aviso-legal\/","og_locale":"en_US","og_type":"article","og_title":"Aviso Legal - SLF Asesores","og_description":"SLF ASESORES, con domicilio en Plaza Sant Antoni 13, bajos, izq. 07002 Palma de Mallorca, pone a disposici\u00f3n en su sitio web https:\/\/slfasesores.com\/\u00a0determinados contenidos de car\u00e1cter informativo sobre sus actividades....","og_url":"https:\/\/slfasesores.com\/en\/aviso-legal\/","og_site_name":"SLF Asesores","twitter_card":"summary_large_image","twitter_misc":{"Est. reading time":"5 minutes"},"schema":{"@context":"https:\/\/schema.org","@graph":[{"@type":"WebPage","@id":"https:\/\/slfasesores.com\/en\/aviso-legal\/","url":"https:\/\/slfasesores.com\/en\/aviso-legal\/","name":"Aviso Legal - SLF Asesores","isPartOf":{"@id":"https:\/\/slfasesores.com\/#website"},"datePublished":"2020-06-26T08:51:50+00:00","breadcrumb":{"@id":"https:\/\/slfasesores.com\/en\/aviso-legal\/#breadcrumb"},"inLanguage":"en-US","potentialAction":[{"@type":"ReadAction","target":["https:\/\/slfasesores.com\/en\/aviso-legal\/"]}]},{"@type":"BreadcrumbList","@id":"https:\/\/slfasesores.com\/en\/aviso-legal\/#breadcrumb","itemListElement":[{"@type":"ListItem","position":1,"name":"Portada","item":"https:\/\/slfasesores.com\/en\/"},{"@type":"ListItem","position":2,"name":"Aviso Legal"}]},{"@type":"WebSite","@id":"https:\/\/slfasesores.com\/#website","url":"https:\/\/slfasesores.com\/","name":"SLF Asesores","description":"Asesor\u00eda en Mallorca","potentialAction":[{"@type":"SearchAction","target":{"@type":"EntryPoint","urlTemplate":"https:\/\/slfasesores.com\/?s={search_term_string}"},"query-input":{"@type":"PropertyValueSpecification","valueRequired":true,"valueName":"search_term_string"}}],"inLanguage":"en-US"}]}},"_links":{"self":[{"href":"https:\/\/slfasesores.com\/en\/wp-json\/wp\/v2\/pages\/881","targetHints":{"allow":["GET"]}}],"collection":[{"href":"https:\/\/slfasesores.com\/en\/wp-json\/wp\/v2\/pages"}],"about":[{"href":"https:\/\/slfasesores.com\/en\/wp-json\/wp\/v2\/types\/page"}],"author":[{"embeddable":true,"href":"https:\/\/slfasesores.com\/en\/wp-json\/wp\/v2\/users\/1"}],"replies":[{"embeddable":true,"href":"https:\/\/slfasesores.com\/en\/wp-json\/wp\/v2\/comments?post=881"}],"version-history":[{"count":0,"href":"https:\/\/slfasesores.com\/en\/wp-json\/wp\/v2\/pages\/881\/revisions"}],"wp:attachment":[{"href":"https:\/\/slfasesores.com\/en\/wp-json\/wp\/v2\/media?parent=881"}],"curies":[{"name":"wp","href":"https:\/\/api.w.org\/{rel}","templated":true}]}}